{"id":72,"date":"2017-11-22T13:52:56","date_gmt":"2017-11-22T12:52:56","guid":{"rendered":"https:\/\/mopsradziejow.pl\/?page_id=72"},"modified":"2017-11-22T14:04:28","modified_gmt":"2017-11-22T13:04:28","slug":"fundusz-alimentacyjny","status":"publish","type":"page","link":"https:\/\/mopsradziejow.pl\/index.php\/swiadczenia-dla-rodziny\/fundusz-alimentacyjny\/","title":{"rendered":"Fundusz Alimentacyjny"},"content":{"rendered":"<p><strong>Fundusz Alimentacyjny<\/strong><\/p>\n<p><span style=\"text-decoration: underline;\">Dzia\u0142 \u015awiadcze\u0144 Rodzinnych, Funduszu Alimentacyjnego i Dodatk\u00f3w Mieszkaniowych<\/span><br \/>\nBiuro &#8211; ul. Rynek 1, I pi\u0119tro, tel. (054)285 46 02<\/p>\n<p><strong>\u015awiadczenia z funduszu alimentacyjnego<\/strong><\/p>\n<p><strong>Podstawa prawna :<\/strong><br \/>\nUstawa z dnia 7 wrze\u015bnia 2007 r. o pomocy osobom uprawnionym do aliment\u00f3w (t.j.Dz. U. z 2012 r. poz. 1228 ze zmianami),<br \/>\nRozporz\u0105dzenie Ministra Pracy i Polityki Spo\u0142ecznej z dnia 7 lipca 2010 roku w sprawie sposobu i trybu post\u0119powania, sposobu ustalania dochodu oraz wzor\u00f3w wniosku, za\u015bwiadcze\u0144 i o\u015bwiadcze\u0144 o ustalenie prawa do \u015bwiadcze\u0144 z funduszu alimentacyjnego (Dz. U. z 2010 r. Nr 123, poz. 836, z p\u00f3\u017an. zm.).<br \/>\nRozporz\u0105dzenie Ministra Pracy i Polityki Spo\u0142ecznej z dnia 27 grudnia 2011 r. zmieniaj\u0105ce rozporz\u0105dzenie w sprawie sposobu i trybu post\u0119powania, sposobu ustalania dochodu oraz wzor\u00f3w wniosku, za\u015bwiadcze\u0144 i o\u015bwiadcze\u0144 o ustalenie prawa do \u015bwiadcze\u0144 z funduszu alimentacyjnego (Dz. U.Nr298,poz.1770).<\/p>\n<p><strong>\u015awiadczenie z funduszu alimentacyjnego przys\u0142uguje :<\/strong><br \/>\nosobie do uko\u0144czenia 18 roku \u017cycia lub gdy si\u0119 uczy w szkole lub w szkole wy\u017cszej do 25 roku \u017cycia, &#8211; powy\u017cej 25 roku \u017cycia bezterminowo, gdy posiada orzeczenie o znacznym stopniu niepe\u0142nosprawno\u015bci,<br \/>\nosobie uprawnionej do aliment\u00f3w od rodzica na podstawie tytu\u0142u wykonawczego pochodz\u0105cego lub zatwierdzonego przez s\u0105d, je\u017celi post\u0119powanie egzekucyjne prowadzone wobec d\u0142u\u017cnika w ci\u0105gu ostatnich dw\u00f3ch miesi\u0119cy poprzedzaj\u0105cych z\u0142o\u017cenie wniosku okaza\u0142o si\u0119 bezskuteczne,<\/p>\n<p>\u015awiadczenia z funduszu alimentacyjnego przys\u0142uguj\u0105 w wysoko\u015bci bie\u017c\u0105co ustalonych aliment\u00f3w jednak\u017ce nie wy\u017cszej ni\u017c 500 z\u0142 pod warunkiem, \u017ce doch\u00f3d rodziny w przeliczeniu na osob\u0119 w rodzinie nie przekracza kwoty 725 z\u0142.<\/p>\n<p><strong>\u015awiadczenie z Funduszu nie przys\u0142uguje<\/strong>, gdy osoba uprawniona (dziecko):<br \/>\nzosta\u0142a umieszczona w instytucji zapewniaj\u0105cej ca\u0142odobowe utrzymanie lub w pieczy zast\u0119pczej,<br \/>\nzawar\u0142a zwi\u0105zek ma\u0142\u017ce\u0144ski.<\/p>\n<p>Prawo do \u015bwiadcze\u0144 z funduszu alimentacyjnego ustala si\u0119 na okres \u015bwiadczeniowy tj. od dnia 1 pa\u017adziernika do dnia 30 wrze\u015bnia nast\u0119pnego roku kalendarzowego ) pocz\u0105wszy od miesi\u0105ca, w kt\u00f3rym wp\u0142yn\u0105\u0142 wniosek do organu w\u0142a\u015bciwego nie wcze\u015bniej ni\u017c od pocz\u0105tku okresu \u015bwiadczeniowego do ko\u0144ca tego okresu.<\/p>\n<p>W razie utraty dochodu prawo do \u015bwiadcze\u0144 z funduszu alimentacyjnego ustala si\u0119 od pierwszego pe\u0142nego miesi\u0105ca nast\u0119puj\u0105cego po miesi\u0105cu, w kt\u00f3rym nast\u0105pi\u0142a utrata dochodu, nie wcze\u015bniej jednak ni\u017c od miesi\u0105ca z\u0142o\u017cenia wniosku.<\/p>\n<p>W przypadku gdy doch\u00f3d rodziny powi\u0119kszony o uzyskany doch\u00f3d powoduje utrat\u0119 prawa do \u015bwiadcze\u0144 z funduszu alimentacyjnego, \u015bwiadczenia nie przys\u0142uguj\u0105 od miesi\u0105ca nast\u0119puj\u0105cego po pierwszym miesi\u0105cu od miesi\u0105ca, w kt\u00f3rym doch\u00f3d zosta\u0142 uzyskany<\/p>\n<p><strong>Wymagane dokumenty :<\/strong><\/p>\n<p>wniosek o ustalenie prawa do \u015bwiadczenia z funduszu alimentacyjnego,dane dotycz\u0105ce cz\u0142onk\u00f3w rodziny, w tym: imi\u0119, nazwisko, dat\u0119 urodzenia, numer PESEL, a w razie gdy nie nadano tego numeru seri\u0119 i numer dowodu osobistego lub paszportu,<br \/>\no\u015bwiadczenie wnioskodawcy o przekazaniu organowi egzekucyjnemu wszelkich znanych mu informacji niezb\u0119dnych do prowadzenia post\u0119powania egzekucyjnego przeciwko d\u0142u\u017cnikowi alimentacyjnemu,<br \/>\no\u015bwiadczenie wnioskodawcy o miejscu zamieszkania, wieku, zatrudnieniu i sytuacji ekonomicznej os\u00f3b zobowi\u0105zanych wzgl\u0119dem osoby uprawnionej do alimentacji.<\/p>\n<p><strong>Do wniosku o ustalenie prawa do \u015bwiadcze\u0144 z funduszu alimentacyjnego nale\u017cy do\u0142\u0105czy\u0107 w szczeg\u00f3lno\u015bci:<\/strong><\/p>\n<ul>\n<li>uwierzytelnion\u0105 kopi\u0119 dokumentu stwierdzaj\u0105cego to\u017csamo\u015b\u0107 osoby ubiegaj\u0105cej si\u0119 o \u015bwiadczenie z funduszu alimentacyjnego ( ksero dowodu osobistego );<\/li>\n<li>za\u015bwiadczenia wydane przez naczelnika w\u0142a\u015bciwego urz\u0119du skarbowego lub o\u015bwiadczenia o dochodzie podlegaj\u0105cym opodatkowaniu podatkiem dochodowym od os\u00f3b fizycznych na zasadach okre\u015blonych w art. 27, 30b, 30c i 30e ustawy z dnia 26 lipca 1991 r. o podatku dochodowym od os\u00f3b fizycznych, uzyskanym w roku kalendarzowym poprzedzaj\u0105cym okres \u015bwiadczeniowy ka\u017cdego cz\u0142onka rodziny, zawieraj\u0105cego informacje o wysoko\u015bci:<br \/>\ndochodu,<br \/>\nsk\u0142adek na ubezpieczenia spo\u0142eczne odliczonych od dochodu,<br \/>\nnale\u017cnego podatku,<br \/>\no\u015bwiadczenia o dochodzie cz\u0142onk\u00f3w rodziny rozliczaj\u0105cych si\u0119 na podstawie przepis\u00f3w o zrycza\u0142towanym podatku dochodowym od niekt\u00f3rych przychod\u00f3w osi\u0105ganych przez osoby fizyczne, uzyskanym w roku kalendarzowym poprzedzaj\u0105cym okres \u015bwiadczeniowy,<br \/>\nza\u015bwiadczenia lub o\u015bwiadczenia dokumentuj\u0105ce wysoko\u015b\u0107 innych dochod\u00f3w cz\u0142onk\u00f3w rodziny uzyskanych w roku kalendarzowym poprzedzaj\u0105cym okres \u015bwiadczeniowy (alimenty, stypendia socjalne, doch\u00f3d z gospodarstwa rolnego), w szczeg\u00f3lno\u015bci za\u015bwiadczenie komornika prowadz\u0105cego post\u0119powanie egzekucyjne na rzecz uprawnionego o wysoko\u015bci \u015bwiadczenia alimentacyjnego wyegzekwowanego w roku kalendarzowym poprzedzaj\u0105cym okres \u015bwiadczeniowy (je\u015bli post\u0119powanie by\u0142o prowadzone),<\/li>\n<li>za\u015bwiadczenie lub o\u015bwiadczenie o wysoko\u015bci sk\u0142adek na ubezpieczenie zdrowotne,<\/li>\n<li>dokument okre\u015blaj\u0105cy dat\u0119 utraty dochodu oraz miesi\u0119czn\u0105 wysoko\u015b\u0107 utraconego dochodu (np. \u015bwiadectwo pracy i PIT \u2013 11),<\/li>\n<li>dokument okre\u015blaj\u0105cy wysoko\u015b\u0107 dochodu uzyskanego przez cz\u0142onka rodziny oraz liczb\u0119 miesi\u0119cy, w kt\u00f3rych doch\u00f3d by\u0142 osi\u0105gany \u2013 w przypadku uzyskania dochodu w roku kalendarzowym poprzedzaj\u0105cym okres zasi\u0142kowy (np. umowa o prac\u0119 i PIT \u2013 11 lub za\u015bwiadczenie pracodawcy),<\/li>\n<li>dokument okre\u015blaj\u0105cy wysoko\u015b\u0107 dochodu uzyskanego przez cz\u0142onka rodziny z miesi\u0105ca nast\u0119puj\u0105cego po miesi\u0105cu w kt\u00f3rym doch\u00f3d zosta\u0142 osi\u0105gni\u0119ty \u2013 w przypadku uzyskania dochodu po roku kalendarzowym poprzedzaj\u0105cym okres zasi\u0142kowy,<\/li>\n<li>numer rachunku bankowego na kt\u00f3ry maj\u0105 by\u0107 przekazywane nale\u017cne \u015bwiadczenia,<\/li>\n<li>o\u015bwiadczenie o bezskuteczno\u015bci egzekucji lub za\u015bwiadczenie od komornika prowadz\u0105cego post\u0119powanie egzekucyjne stwierdzaj\u0105ce bezskuteczno\u015b\u0107 egzekucji (za ostatnie dwa miesi\u0105ce poprzedzaj\u0105ce miesi\u0105c z\u0142o\u017cenia wniosku) lub informacja w\u0142a\u015bciwego s\u0105du lub w\u0142a\u015bciwej instytucji o podj\u0119ciu przez osob\u0119 uprawnion\u0105 czynno\u015bci zwi\u0105zanych z wykonaniem tytu\u0142u wykonawczego za granic\u0105 albo o niepodj\u0119ciu tych czynno\u015bci w szczeg\u00f3lno\u015bci w zwi\u0105zku z:\n<ul>\n<li>brakiem podstawy prawnej do ich podj\u0119cia,<\/li>\n<li>brakiem mo\u017cliwo\u015bci wskazania przez osob\u0119 uprawnion\u0105 miejsca zamieszkania d\u0142u\u017cnika alimentacyjnego za granic\u0105,<\/li>\n<\/ul>\n<\/li>\n<li>dokument stwierdzaj\u0105cy wiek osoby uprawnionej np. akt urodzenia dziecka,<\/li>\n<li>odpis podlegaj\u0105cego wykonaniu orzeczenia s\u0105du zas\u0105dzaj\u0105cego alimenty,<\/li>\n<li>odpis postanowienia s\u0105du o zabezpieczeniu pow\u00f3dztwa o alimenty,<\/li>\n<li>odpis protoko\u0142u zawieraj\u0105cego tre\u015b\u0107 ugody s\u0105dowej lub ugody zawartej przed mediatorem,<\/li>\n<li>za\u015bwiadczenie lub o\u015bwiadczenie o ucz\u0119szczaniu osoby uprawnionej do szko\u0142y lub szko\u0142y wy\u017cszej, w przypadku, gdy osoba uprawniona uko\u0144czy\u0142a 18 rok \u017cycia,<\/li>\n<li>w przypadku, gdy osoba uprawniona znajduje si\u0119 pod opiek\u0105 opiekuna prawnego, orzeczenie s\u0105du rodzinnego o ustaleniu opiekuna prawnego dla osoby uprawnionej,<\/li>\n<li>orzeczenie o znacznym stopniu niepe\u0142nosprawno\u015bci, w przypadku posiadania takiego orzeczenia przez osob\u0119 uprawnion\u0105,<\/li>\n<li>przekazy lub przelewy pieni\u0119\u017cne dokumentuj\u0105ce wysoko\u015b\u0107 aliment\u00f3w, je\u017celi cz\u0142onkowie rodziny s\u0105 zobowi\u0105zani wyrokiem s\u0105du lub ugod\u0105 s\u0105dow\u0105 do ich p\u0142acenia na rzecz osoby spoza rodziny,<\/li>\n<li>kopi\u0119 karty pobytu, w przypadku cudzoziemca przebywaj\u0105cego na terytorium Rzeczypospolitej Polskiej na podstawie zezwolenia na osiedlenie si\u0119, zezwolenia na pobyt rezydenta d\u0142ugoterminowego Wsp\u00f3lnot Europejskich, zezwolenia na zamieszkanie na czas oznaczony udzielonego w zwi\u0105zku z okoliczno\u015bci\u0105, o kt\u00f3rej mowa w art. 53 ust. 1 pkt 13 ustawy z dnia 13 czerwca 2003 r. o cudzoziemcach (Dz. U. z 2006 r. Nr 234, poz. 1694, z p\u00f3\u017an. zm.) lub w zwi\u0105zku z uzyskaniem w Rzeczypospolitej Polskiej statusu uchod\u017acy lub ochrony uzupe\u0142niaj\u0105cej (+orygina\u0142y do wgl\u0105du).<\/li>\n<\/ul>\n<p>W przypadku, gdy okoliczno\u015bci sprawy maj\u0105ce wp\u0142yw na prawo do \u015bwiadcze\u0144 z funduszu alimentacyjnego wymagaj\u0105 potwierdzenia innym dokumentem ni\u017c wymienione powy\u017cej, podmiot realizuj\u0105cy \u015bwiadczenie mo\u017ce domaga\u0107 si\u0119 takiego dokumentu.<\/p>\n<p><strong>Op\u0142aty skarbowe :<\/strong><\/p>\n<p>Brak op\u0142at.<\/p>\n<p><strong>Op\u0142aty administracyjne :<\/strong><\/p>\n<p>Brak op\u0142at.<\/p>\n<p><strong>Termin i spos\u00f3b za\u0142atwienia sprawy :<\/strong><br \/>\nPost\u0119powanie w sprawie o przyznanie \u015bwiadczenia z funduszu alimentacyjnego wszczyna si\u0119 na podstawie wniosku o ustalenie prawa do \u015bwiadczenia alimentacyjnego.<\/p>\n<p>Decyzja administracyjna wydawana jest w terminie 30 dni od daty z\u0142o\u017cenia wniosku a w sprawach skomplikowanych do 60 dni.<\/p>\n","protected":false},"excerpt":{"rendered":"<p>Fundusz Alimentacyjny Dzia\u0142 \u015awiadcze\u0144 Rodzinnych, Funduszu Alimentacyjnego i Dodatk\u00f3w Mieszkaniowych Biuro &#8211; ul. Rynek 1, I pi\u0119tro, tel. (054)285 46 02 \u015awiadczenia z funduszu alimentacyjnego Podstawa prawna : Ustawa z dnia 7 wrze\u015bnia 2007 r. o pomocy osobom uprawnionym do aliment\u00f3w (t.j.Dz. U. z 2012 r. poz. 1228 ze zmianami), &hellip;<\/p>\n","protected":false},"author":2,"featured_media":0,"parent":56,"menu_order":2,"comment_status":"closed","ping_status":"closed","template":"","meta":{"footnotes":""},"class_list":["post-72","page","type-page","status-publish","hentry"],"_links":{"self":[{"href":"https:\/\/mopsradziejow.pl\/index.php\/wp-json\/wp\/v2\/pages\/72","targetHints":{"allow":["GET"]}}],"collection":[{"href":"https:\/\/mopsradziejow.pl\/index.php\/wp-json\/wp\/v2\/pages"}],"about":[{"href":"https:\/\/mopsradziejow.pl\/index.php\/wp-json\/wp\/v2\/types\/page"}],"author":[{"embeddable":true,"href":"https:\/\/mopsradziejow.pl\/index.php\/wp-json\/wp\/v2\/users\/2"}],"replies":[{"embeddable":true,"href":"https:\/\/mopsradziejow.pl\/index.php\/wp-json\/wp\/v2\/comments?post=72"}],"version-history":[{"count":3,"href":"https:\/\/mopsradziejow.pl\/index.php\/wp-json\/wp\/v2\/pages\/72\/revisions"}],"predecessor-version":[{"id":84,"href":"https:\/\/mopsradziejow.pl\/index.php\/wp-json\/wp\/v2\/pages\/72\/revisions\/84"}],"up":[{"embeddable":true,"href":"https:\/\/mopsradziejow.pl\/index.php\/wp-json\/wp\/v2\/pages\/56"}],"wp:attachment":[{"href":"https:\/\/mopsradziejow.pl\/index.php\/wp-json\/wp\/v2\/media?parent=72"}],"curies":[{"name":"wp","href":"https:\/\/api.w.org\/{rel}","templated":true}]}}